{"id":2,"date":"2020-03-10T06:45:16","date_gmt":"2020-03-10T05:45:16","guid":{"rendered":"http:\/\/gite-les-chatelets.fr\/?page_id=2"},"modified":"2020-03-17T18:39:53","modified_gmt":"2020-03-17T17:39:53","slug":"le-gite","status":"publish","type":"page","link":"https:\/\/gite-les-chatelets.fr\/","title":{"rendered":"Le g\u00eete"},"content":{"rendered":"<p>[vc_row row_type=\u00a0\u00bbrow\u00a0\u00bb use_row_as_full_screen_section=\u00a0\u00bbno\u00a0\u00bb type=\u00a0\u00bbgrid\u00a0\u00bb text_align=\u00a0\u00bbleft\u00a0\u00bb css_animation=\u00a0\u00bb\u00a0\u00bb box_shadow_on_row=\u00a0\u00bbno\u00a0\u00bb][vc_column][vc_empty_space height=\u00a0\u00bb20px\u00a0\u00bb image_repeat=\u00a0\u00bbno-repeat\u00a0\u00bb][vc_single_image image=\u00a0\u00bb127&Prime; img_size=\u00a0\u00bbfull\u00a0\u00bb alignment=\u00a0\u00bbcenter\u00a0\u00bb mkd_css_animation=\u00a0\u00bbelement_from_top\u00a0\u00bb][\/vc_column][\/vc_row][vc_row row_type=\u00a0\u00bbrow\u00a0\u00bb use_row_as_full_screen_section=\u00a0\u00bbno\u00a0\u00bb type=\u00a0\u00bbgrid\u00a0\u00bb text_align=\u00a0\u00bbleft\u00a0\u00bb css_animation=\u00a0\u00bb\u00a0\u00bb box_shadow_on_row=\u00a0\u00bbno\u00a0\u00bb][vc_column][vc_empty_space height=\u00a0\u00bb20px\u00a0\u00bb image_repeat=\u00a0\u00bbno-repeat\u00a0\u00bb][vc_custom_heading text=\u00a0\u00bbLe g\u00eete des Ch\u00e2telets\u00a0\u00bb font_container=\u00a0\u00bbtag:h1|font_size:20|text_align:center|color:%23024a62&Prime; google_fonts=\u00a0\u00bbfont_family:Roboto%3A100%2C100italic%2C300%2C300italic%2Cregular%2Citalic%2C500%2C500italic%2C700%2C700italic%2C900%2C900italic|font_style:700%20bold%20regular%3A700%3Anormal\u00a0\u00bb][vc_row_inner row_type=\u00a0\u00bbrow\u00a0\u00bb type=\u00a0\u00bbfull_width\u00a0\u00bb use_row_as_full_screen_section_slide=\u00a0\u00bbno\u00a0\u00bb text_align=\u00a0\u00bbleft\u00a0\u00bb css_animation=\u00a0\u00bb\u00a0\u00bb box_shadow_on_row=\u00a0\u00bbno\u00a0\u00bb][vc_column_inner width=\u00a0\u00bb1\/3&Prime;][\/vc_column_inner][vc_column_inner width=\u00a0\u00bb1\/3&Prime;][vc_separator border_width=\u00a0\u00bb2&Prime; type=\u00a0\u00bbnormal\u00a0\u00bb color=\u00a0\u00bb#6b6b6b\u00a0\u00bb border_style=\u00a0\u00bbsolid\u00a0\u00bb][\/vc_column_inner][vc_column_inner width=\u00a0\u00bb1\/3&Prime;][\/vc_column_inner][\/vc_row_inner][vc_empty_space height=\u00a0\u00bb20px\u00a0\u00bb image_repeat=\u00a0\u00bbno-repeat\u00a0\u00bb][\/vc_column][\/vc_row][vc_row row_type=\u00a0\u00bbrow\u00a0\u00bb use_row_as_full_screen_section=\u00a0\u00bbno\u00a0\u00bb type=\u00a0\u00bbgrid\u00a0\u00bb text_align=\u00a0\u00bbleft\u00a0\u00bb css_animation=\u00a0\u00bb\u00a0\u00bb box_shadow_on_row=\u00a0\u00bbno\u00a0\u00bb][vc_column width=\u00a0\u00bb1\/6&Prime;][\/vc_column][vc_column width=\u00a0\u00bb2\/3&Prime;][vc_column_text]<\/p>\n<p style=\"text-align: center;\"><a name=\"legite\"><\/a>Le g\u00eete est situ\u00e9 \u00e0 Pornic au calme, \u00e0 4 km de la mer, 2 km des commerces et \u00e0 proximit\u00e9 imm\u00e9diate de l&rsquo;exploitation agricole des propri\u00e9taires (bovins et ovins &#8211; possibilit\u00e9 de visite), ancienne maison de ferme r\u00e9nov\u00e9e en g\u00eete, mitoyenne \u00e0 une location. Grande terrasse et jardin clos de 150 m\u00b2 (orient\u00e9s Est). RDC (accessible PMR) : vaste et lumineux salon\/s\u00e9jour avec cuisine am\u00e9nag\u00e9e ouverte, 1 chambre (lit 160&#215;200) avec salle d&rsquo;eau attenante, et WC ind\u00e9pendant. Etage: 2 chambres (chacune avec 2 lits 80&#215;200 jumelables), cabine 5 m\u00b2 (lit 90&#215;190 en hauteur), salle d&rsquo;eau et WC ind\u00e9pendant. Equipements suppl\u00e9mentaires : wifi, lave-linge s\u00e9chant, \u00e9quipement complet b\u00e9b\u00e9. Non-compris : chauffage a\u00e9rothermie (par le sol), \u00e9lectricit\u00e9, draps (14\u20ac\/lit), linge de toilette (12\u20ac\/kit) et taxe de s\u00e9jour.<\/p>\n<p>&nbsp;<\/p>\n<p style=\"text-align: center;\"><strong>Capacit\u00e9 du g\u00eete 6 \u00e0 7 personnes<\/strong>.<\/p>\n<p>&nbsp;<\/p>\n<div class=\"gmail_default\" style=\"text-align: center;\">Le g\u00eete est situ\u00e9 sur le circuit v\u00e9loc\u00e9an et \u00e0 900m (env 10 min \u00e0 pieds) du centre \u00e9questre d&rsquo;Huchepie.<\/div>\n<div><\/div>\n<div><\/div>\n<div style=\"text-align: center;\"><strong>Pour tous renseignements compl\u00e9mentaires ou r\u00e9servations (uniquement \u00e0 la semaine), <\/strong><\/div>\n<div style=\"text-align: center;\"><strong>merci de nous contacter.<\/strong><\/div>\n<p>[\/vc_column_text][vc_empty_space height=\u00a0\u00bb30px\u00a0\u00bb image_repeat=\u00a0\u00bbno-repeat\u00a0\u00bb][\/vc_column][vc_column width=\u00a0\u00bb1\/6&Prime;][\/vc_column][\/vc_row][vc_row row_type=\u00a0\u00bbrow\u00a0\u00bb use_row_as_full_screen_section=\u00a0\u00bbno\u00a0\u00bb type=\u00a0\u00bbgrid\u00a0\u00bb text_align=\u00a0\u00bbleft\u00a0\u00bb css_animation=\u00a0\u00bb\u00a0\u00bb box_shadow_on_row=\u00a0\u00bbno\u00a0\u00bb][vc_column][vc_empty_space height=\u00a0\u00bb30px\u00a0\u00bb image_repeat=\u00a0\u00bbno-repeat\u00a0\u00bb][vc_row_inner row_type=\u00a0\u00bbrow\u00a0\u00bb type=\u00a0\u00bbfull_width\u00a0\u00bb use_row_as_full_screen_section_slide=\u00a0\u00bbno\u00a0\u00bb text_align=\u00a0\u00bbleft\u00a0\u00bb css_animation=\u00a0\u00bb\u00a0\u00bb box_shadow_on_row=\u00a0\u00bbno\u00a0\u00bb][vc_column_inner width=\u00a0\u00bb1\/5&Prime;][vc_gallery interval=\u00a0\u00bb5&Prime; images=\u00a0\u00bb48,49,53,52,57&Prime; img_size=\u00a0\u00bb300&#215;300&Prime;][vc_empty_space height=\u00a0\u00bb15px\u00a0\u00bb image_repeat=\u00a0\u00bbno-repeat\u00a0\u00bb][vc_column_text]<\/p>\n<p style=\"text-align: center;\">Salon et cuisine<\/p>\n<p>[\/vc_column_text][\/vc_column_inner][vc_column_inner width=\u00a0\u00bb1\/5&Prime;][vc_gallery interval=\u00a0\u00bb3&Prime; images=\u00a0\u00bb50,54,59,55&Prime; img_size=\u00a0\u00bb300&#215;300&Prime;][vc_empty_space height=\u00a0\u00bb15px\u00a0\u00bb image_repeat=\u00a0\u00bbno-repeat\u00a0\u00bb][vc_column_text]<\/p>\n<p style=\"text-align: center;\">Les chambres<\/p>\n<p>[\/vc_column_text][\/vc_column_inner][vc_column_inner width=\u00a0\u00bb1\/5&Prime;][vc_gallery interval=\u00a0\u00bb3&Prime; images=\u00a0\u00bb56,47&Prime; img_size=\u00a0\u00bb300&#215;300&Prime;][vc_empty_space height=\u00a0\u00bb15px\u00a0\u00bb image_repeat=\u00a0\u00bbno-repeat\u00a0\u00bb][vc_column_text]<\/p>\n<p style=\"text-align: center;\">Les salles d&rsquo;eau<\/p>\n<p>[\/vc_column_text][\/vc_column_inner][vc_column_inner width=\u00a0\u00bb1\/5&Prime;][vc_gallery interval=\u00a0\u00bb3&Prime; images=\u00a0\u00bb51,46,99&Prime; img_size=\u00a0\u00bb300&#215;300&Prime;][vc_empty_space height=\u00a0\u00bb15px\u00a0\u00bb image_repeat=\u00a0\u00bbno-repeat\u00a0\u00bb][vc_column_text]<\/p>\n<p style=\"text-align: center;\">L&rsquo;ext\u00e9rieur<\/p>\n<p>[\/vc_column_text][\/vc_column_inner][vc_column_inner width=\u00a0\u00bb1\/5&Prime;][vc_gallery interval=\u00a0\u00bb0&Prime; images=\u00a0\u00bb61,58,45,60&Prime; img_size=\u00a0\u00bb300&#215;300&Prime;][vc_empty_space height=\u00a0\u00bb15px\u00a0\u00bb image_repeat=\u00a0\u00bbno-repeat\u00a0\u00bb][vc_column_text]<\/p>\n<p style=\"text-align: center;\">Les environs<\/p>\n<p><a name=\"coordonnees\"><\/a>[\/vc_column_text][\/vc_column_inner][\/vc_row_inner][vc_empty_space height=\u00a0\u00bb30px\u00a0\u00bb image_repeat=\u00a0\u00bbno-repeat\u00a0\u00bb][\/vc_column][\/vc_row][vc_row row_type=\u00a0\u00bbrow\u00a0\u00bb use_row_as_full_screen_section=\u00a0\u00bbno\u00a0\u00bb type=\u00a0\u00bbfull_width\u00a0\u00bb text_align=\u00a0\u00bbleft\u00a0\u00bb background_color=\u00a0\u00bb#024a62&Prime; css_animation=\u00a0\u00bb\u00a0\u00bb box_shadow_on_row=\u00a0\u00bbno\u00a0\u00bb][vc_column][vc_empty_space height=\u00a0\u00bb30px\u00a0\u00bb image_repeat=\u00a0\u00bbno-repeat\u00a0\u00bb][vc_row_inner row_type=\u00a0\u00bbrow\u00a0\u00bb type=\u00a0\u00bbfull_width\u00a0\u00bb use_row_as_full_screen_section_slide=\u00a0\u00bbno\u00a0\u00bb text_align=\u00a0\u00bbleft\u00a0\u00bb css_animation=\u00a0\u00bb\u00a0\u00bb box_shadow_on_row=\u00a0\u00bbno\u00a0\u00bb][vc_column_inner width=\u00a0\u00bb1\/3&Prime;][\/vc_column_inner][vc_column_inner width=\u00a0\u00bb1\/3&Prime;][vc_custom_heading text=\u00a0\u00bbLes coordonn\u00e9es\u00a0\u00bb font_container=\u00a0\u00bbtag:h1|font_size:20|text_align:center|color:%23ffffff\u00a0\u00bb google_fonts=\u00a0\u00bbfont_family:Roboto%3A100%2C100italic%2C300%2C300italic%2Cregular%2Citalic%2C500%2C500italic%2C700%2C700italic%2C900%2C900italic|font_style:700%20bold%20regular%3A700%3Anormal\u00a0\u00bb][vc_separator border_width=\u00a0\u00bb2&Prime; type=\u00a0\u00bbnormal\u00a0\u00bb color=\u00a0\u00bb#ffffff\u00a0\u00bb border_style=\u00a0\u00bbsolid\u00a0\u00bb][vc_custom_heading text=\u00a0\u00bbBruno et Christine MORICE<br \/>\nLes Ch\u00e2telets &#8211; La Br\u00e9choti\u00e8re &#8211; 44210 Pornic\u00a0\u00bb font_container=\u00a0\u00bbtag:p|font_size:16|text_align:center|color:%23ffffff\u00a0\u00bb google_fonts=\u00a0\u00bbfont_family:Roboto%3A100%2C100italic%2C300%2C300italic%2Cregular%2Citalic%2C500%2C500italic%2C700%2C700italic%2C900%2C900italic|font_style:400%20regular%3A400%3Anormal\u00a0\u00bb][vc_empty_space height=\u00a0\u00bb10px\u00a0\u00bb image_repeat=\u00a0\u00bbno-repeat\u00a0\u00bb][vc_custom_heading text=\u00a0\u00bbCoordonn\u00e9es GPS :<br \/>\nlatitude : 47.14064600 &#8211; longitude : -2.10973300&Prime; font_container=\u00a0\u00bbtag:p|font_size:16|text_align:center|color:%23ffffff\u00a0\u00bb google_fonts=\u00a0\u00bbfont_family:Roboto%3A100%2C100italic%2C300%2C300italic%2Cregular%2Citalic%2C500%2C500italic%2C700%2C700italic%2C900%2C900italic|font_style:400%20regular%3A400%3Anormal\u00a0\u00bb][vc_empty_space height=\u00a0\u00bb20px\u00a0\u00bb image_repeat=\u00a0\u00bbno-repeat\u00a0\u00bb]<a name=\"contact\"><\/a>[vc_raw_html]JTNDcCUyMHN0eWxlJTNEJTIyZm9udC1zaXplJTNBJTIwMTZweCUzQmNvbG9yJTNBJTIwJTIzZmZmZmZmJTNCdGV4dC1hbGlnbiUzQSUyMGNlbnRlciUzQmZvbnQtZmFtaWx5JTNBUm9ib3RvJTNCZm9udC13ZWlnaHQlM0E0MDAlM0Jmb250LXN0eWxlJTNBbm9ybWFsJTIyJTNFJTNDYSUyMGhyZWYlM0QlMjJ0ZWwlM0ElMkIzMzA2NjAxNjE0MzklMjIlM0VUJUMzJUE5bCUyMCUzQSUyMDA2JTIwNjAlMjAxNiUyMDE0JTIwMzklM0MlMkZhJTNFJTNDJTJGcCUzRQ==[\/vc_raw_html][vc_raw_html]JTNDcCUyMHN0eWxlJTNEJTIyZm9udC1zaXplJTNBJTIwMTZweCUzQmNvbG9yJTNBJTIwJTIzZmZmZmZmJTNCdGV4dC1hbGlnbiUzQSUyMGNlbnRlciUzQmZvbnQtZmFtaWx5JTNBUm9ib3RvJTNCZm9udC13ZWlnaHQlM0E0MDAlM0Jmb250LXN0eWxlJTNBbm9ybWFsJTIyJTNFJTNDYSUyMGhyZWYlM0QlMjJtYWlsdG8lM0FnaXRlZGVzY2hhdGVsZXRzJTQwZ21haWwuY29tJTIyJTNFZ2l0ZWRlc2NoYXRlbGV0cyU0MGdtYWlsLmNvbSUzQyUyRmElM0UlM0MlMkZwJTNF[\/vc_raw_html][\/vc_column_inner][vc_column_inner width=\u00a0\u00bb1\/3&Prime;][\/vc_column_inner][\/vc_row_inner][vc_empty_space height=\u00a0\u00bb30px\u00a0\u00bb image_repeat=\u00a0\u00bbno-repeat\u00a0\u00bb][\/vc_column][\/vc_row][vc_row row_type=\u00a0\u00bbrow\u00a0\u00bb use_row_as_full_screen_section=\u00a0\u00bbno\u00a0\u00bb type=\u00a0\u00bbgrid\u00a0\u00bb text_align=\u00a0\u00bbleft\u00a0\u00bb css_animation=\u00a0\u00bb\u00a0\u00bb box_shadow_on_row=\u00a0\u00bbno\u00a0\u00bb][vc_column width=\u00a0\u00bb1\/6&Prime;][\/vc_column][vc_column width=\u00a0\u00bb2\/3&Prime;][vc_empty_space height=\u00a0\u00bb30px\u00a0\u00bb image_repeat=\u00a0\u00bbno-repeat\u00a0\u00bb][vc_raw_html]JTVCaGFwcHlmb3JtcyUyMGlkJTNEJTIyODIlMjIlMjAlMkYlNUQ=[\/vc_raw_html][vc_empty_space height=\u00a0\u00bb30px\u00a0\u00bb image_repeat=\u00a0\u00bbno-repeat\u00a0\u00bb][\/vc_column][vc_column width=\u00a0\u00bb1\/6&Prime;][\/vc_column][\/vc_row]<\/p>\n","protected":false},"excerpt":{"rendered":"<p>[vc_row row_type=\u00a0\u00bbrow\u00a0\u00bb use_row_as_full_screen_section=\u00a0\u00bbno\u00a0\u00bb type=\u00a0\u00bbgrid\u00a0\u00bb text_align=\u00a0\u00bbleft\u00a0\u00bb css_animation=\u00a0\u00bb\u00a0\u00bb box_shadow_on_row=\u00a0\u00bbno\u00a0\u00bb][vc_column][vc_empty_space height=\u00a0\u00bb20px\u00a0\u00bb image_repeat=\u00a0\u00bbno-repeat\u00a0\u00bb][vc_single_image image=\u00a0\u00bb127&Prime; img_size=\u00a0\u00bbfull\u00a0\u00bb alignment=\u00a0\u00bbcenter\u00a0\u00bb mkd_css_animation=\u00a0\u00bbelement_from_top\u00a0\u00bb][\/vc_column][\/vc_row][vc_row row_type=\u00a0\u00bbrow\u00a0\u00bb use_row_as_full_screen_section=\u00a0\u00bbno\u00a0\u00bb type=\u00a0\u00bbgrid\u00a0\u00bb text_align=\u00a0\u00bbleft\u00a0\u00bb css_animation=\u00a0\u00bb\u00a0\u00bb box_shadow_on_row=\u00a0\u00bbno\u00a0\u00bb][vc_column][vc_empty_space height=\u00a0\u00bb20px\u00a0\u00bb image_repeat=\u00a0\u00bbno-repeat\u00a0\u00bb][vc_custom_heading text=\u00a0\u00bbLe g\u00eete des Ch\u00e2telets\u00a0\u00bb font_container=\u00a0\u00bbtag:h1|font_size:20|text_align:center|color:%23024a62&Prime; google_fonts=\u00a0\u00bbfont_family:Roboto%3A100%2C100italic%2C300%2C300italic%2Cregular%2Citalic%2C500%2C500italic%2C700%2C700italic%2C900%2C900italic|font_style:700%20bold%20regular%3A700%3Anormal\u00a0\u00bb][vc_row_inner row_type=\u00a0\u00bbrow\u00a0\u00bb type=\u00a0\u00bbfull_width\u00a0\u00bb use_row_as_full_screen_section_slide=\u00a0\u00bbno\u00a0\u00bb text_align=\u00a0\u00bbleft\u00a0\u00bb css_animation=\u00a0\u00bb\u00a0\u00bb box_shadow_on_row=\u00a0\u00bbno\u00a0\u00bb][vc_column_inner width=\u00a0\u00bb1\/3&Prime;][\/vc_column_inner][vc_column_inner width=\u00a0\u00bb1\/3&Prime;][vc_separator border_width=\u00a0\u00bb2&Prime; type=\u00a0\u00bbnormal\u00a0\u00bb color=\u00a0\u00bb#6b6b6b\u00a0\u00bb border_style=\u00a0\u00bbsolid\u00a0\u00bb][\/vc_column_inner][vc_column_inner width=\u00a0\u00bb1\/3&Prime;][\/vc_column_inner][\/vc_row_inner][vc_empty_space height=\u00a0\u00bb20px\u00a0\u00bb image_repeat=\u00a0\u00bbno-repeat\u00a0\u00bb][\/vc_column][\/vc_row][vc_row row_type=\u00a0\u00bbrow\u00a0\u00bb use_row_as_full_screen_section=\u00a0\u00bbno\u00a0\u00bb type=\u00a0\u00bbgrid\u00a0\u00bb&#8230;<\/p>\n","protected":false},"author":1,"featured_media":0,"parent":0,"menu_order":0,"comment_status":"closed","ping_status":"open","template":"full_width.php","meta":[],"_links":{"self":[{"href":"https:\/\/gite-les-chatelets.fr\/index.php?rest_route=\/wp\/v2\/pages\/2"}],"collection":[{"href":"https:\/\/gite-les-chatelets.fr\/index.php?rest_route=\/wp\/v2\/pages"}],"about":[{"href":"https:\/\/gite-les-chatelets.fr\/index.php?rest_route=\/wp\/v2\/types\/page"}],"author":[{"embeddable":true,"href":"https:\/\/gite-les-chatelets.fr\/index.php?rest_route=\/wp\/v2\/users\/1"}],"replies":[{"embeddable":true,"href":"https:\/\/gite-les-chatelets.fr\/index.php?rest_route=%2Fwp%2Fv2%2Fcomments&post=2"}],"version-history":[{"count":86,"href":"https:\/\/gite-les-chatelets.fr\/index.php?rest_route=\/wp\/v2\/pages\/2\/revisions"}],"predecessor-version":[{"id":131,"href":"https:\/\/gite-les-chatelets.fr\/index.php?rest_route=\/wp\/v2\/pages\/2\/revisions\/131"}],"wp:attachment":[{"href":"https:\/\/gite-les-chatelets.fr\/index.php?rest_route=%2Fwp%2Fv2%2Fmedia&parent=2"}],"curies":[{"name":"wp","href":"https:\/\/api.w.org\/{rel}","templated":true}]}}